{"id":371,"date":"2024-09-01T04:51:57","date_gmt":"2024-09-01T04:51:57","guid":{"rendered":"https:\/\/corpocolectivotejidoyhabitat.co\/?post_type=product&#038;p=371"},"modified":"2025-01-07T06:02:25","modified_gmt":"2025-01-07T06:02:25","slug":"asesoria-academica","status":"publish","type":"product","link":"https:\/\/corpocolectivotejidoyhabitat.co\/?product=asesoria-academica","title":{"rendered":"Asesor\u00eda Acad\u00e9mica"},"content":{"rendered":"<p>Las asesor\u00edas Acad\u00e9micas se dise\u00f1an a la necesidad de cada uno de los clientes, y pueden desarrollarse seg\u00fan el proceso que sea requerido. Para m\u00e1s informaci\u00f3n, cont\u00e1ctese con nosotros<\/p>\n","protected":false},"excerpt":{"rendered":"<p>Asesor\u00eda Acad\u00e9mica<\/p>\n<p><img decoding=\"async\" class=\"alignnone wp-image-372\" src=\"https:\/\/corpocolectivotejidoyhabitat.co\/wp-content\/uploads\/2024\/09\/173a8045-3aa9-42b7-a44b-e5a384eac9a3-300x300.jpeg\" alt=\"\" width=\"150\" height=\"150\" srcset=\"https:\/\/corpocolectivotejidoyhabitat.co\/wp-content\/uploads\/2024\/09\/173a8045-3aa9-42b7-a44b-e5a384eac9a3-300x300.jpeg 300w, https:\/\/corpocolectivotejidoyhabitat.co\/wp-content\/uploads\/2024\/09\/173a8045-3aa9-42b7-a44b-e5a384eac9a3-150x150.jpeg 150w, https:\/\/corpocolectivotejidoyhabitat.co\/wp-content\/uploads\/2024\/09\/173a8045-3aa9-42b7-a44b-e5a384eac9a3-768x768.jpeg 768w, https:\/\/corpocolectivotejidoyhabitat.co\/wp-content\/uploads\/2024\/09\/173a8045-3aa9-42b7-a44b-e5a384eac9a3-600x600.jpeg 600w, https:\/\/corpocolectivotejidoyhabitat.co\/wp-content\/uploads\/2024\/09\/173a8045-3aa9-42b7-a44b-e5a384eac9a3-100x100.jpeg 100w, https:\/\/corpocolectivotejidoyhabitat.co\/wp-content\/uploads\/2024\/09\/173a8045-3aa9-42b7-a44b-e5a384eac9a3.jpeg 1024w\" sizes=\"(max-width: 150px) 100vw, 150px\" \/><\/p>\n","protected":false},"featured_media":372,"comment_status":"open","ping_status":"closed","template":"","meta":{"site-sidebar-layout":"default","site-content-layout":"","ast-site-content-layout":"default","site-content-style":"default","site-sidebar-style":"default","ast-global-header-display":"","ast-banner-title-visibility":"","ast-main-header-display":"","ast-hfb-above-header-display":"","ast-hfb-below-header-display":"","ast-hfb-mobile-header-display":"","site-post-title":"","ast-breadcrumbs-content":"","ast-featured-img":"","footer-sml-layout":"","theme-transparent-header-meta":"default","adv-header-id-meta":"","stick-header-meta":"","header-above-stick-meta":"","header-main-stick-meta":"","header-below-stick-meta":"","astra-migrate-meta-layouts":"set","ast-page-background-enabled":"default","ast-page-background-meta":{"desktop":{"background-color":"var(--ast-global-color-4)","background-image":"","background-repeat":"repeat","background-position":"center center","background-size":"auto","background-attachment":"scroll","background-type":"","background-media":"","overlay-type":"","overlay-color":"","overlay-opacity":"","overlay-gradient":""},"tablet":{"background-color":"","background-image":"","background-repeat":"repeat","background-position":"center center","background-size":"auto","background-attachment":"scroll","background-type":"","background-media":"","overlay-type":"","overlay-color":"","overlay-opacity":"","overlay-gradient":""},"mobile":{"background-color":"","background-image":"","background-repeat":"repeat","background-position":"center center","background-size":"auto","background-attachment":"scroll","background-type":"","background-media":"","overlay-type":"","overlay-color":"","overlay-opacity":"","overlay-gradient":""}},"ast-content-background-meta":{"desktop":{"background-color":"var(--ast-global-color-5)","background-image":"","background-repeat":"repeat","background-position":"center center","background-size":"auto","background-attachment":"scroll","background-type":"","background-media":"","overlay-type":"","overlay-color":"","overlay-opacity":"","overlay-gradient":""},"tablet":{"background-color":"var(--ast-global-color-5)","background-image":"","background-repeat":"repeat","background-position":"center center","background-size":"auto","background-attachment":"scroll","background-type":"","background-media":"","overlay-type":"","overlay-color":"","overlay-opacity":"","overlay-gradient":""},"mobile":{"background-color":"var(--ast-global-color-5)","background-image":"","background-repeat":"repeat","background-position":"center center","background-size":"auto","background-attachment":"scroll","background-type":"","background-media":"","overlay-type":"","overlay-color":"","overlay-opacity":"","overlay-gradient":""}},"_joinchat":[]},"product_cat":[23],"product_tag":[],"class_list":{"0":"post-371","1":"product","2":"type-product","3":"status-publish","4":"has-post-thumbnail","6":"product_cat-asesorias","7":"desktop-align-left","8":"tablet-align-left","9":"mobile-align-left","11":"first","12":"instock","13":"sale","14":"virtual","15":"taxable","16":"purchasable","17":"product-type-simple"},"_links":{"self":[{"href":"https:\/\/corpocolectivotejidoyhabitat.co\/index.php?rest_route=\/wp\/v2\/product\/371","targetHints":{"allow":["GET"]}}],"collection":[{"href":"https:\/\/corpocolectivotejidoyhabitat.co\/index.php?rest_route=\/wp\/v2\/product"}],"about":[{"href":"https:\/\/corpocolectivotejidoyhabitat.co\/index.php?rest_route=\/wp\/v2\/types\/product"}],"replies":[{"embeddable":true,"href":"https:\/\/corpocolectivotejidoyhabitat.co\/index.php?rest_route=%2Fwp%2Fv2%2Fcomments&post=371"}],"wp:featuredmedia":[{"embeddable":true,"href":"https:\/\/corpocolectivotejidoyhabitat.co\/index.php?rest_route=\/wp\/v2\/media\/372"}],"wp:attachment":[{"href":"https:\/\/corpocolectivotejidoyhabitat.co\/index.php?rest_route=%2Fwp%2Fv2%2Fmedia&parent=371"}],"wp:term":[{"taxonomy":"product_cat","embeddable":true,"href":"https:\/\/corpocolectivotejidoyhabitat.co\/index.php?rest_route=%2Fwp%2Fv2%2Fproduct_cat&post=371"},{"taxonomy":"product_tag","embeddable":true,"href":"https:\/\/corpocolectivotejidoyhabitat.co\/index.php?rest_route=%2Fwp%2Fv2%2Fproduct_tag&post=371"}],"curies":[{"name":"wp","href":"https:\/\/api.w.org\/{rel}","templated":true}]}}